{"id":7411,"date":"2020-10-02T11:15:42","date_gmt":"2020-10-02T09:15:42","guid":{"rendered":"http:\/\/nocedereve.v1\/gallery"},"modified":"2023-11-14T17:10:43","modified_gmt":"2023-11-14T16:10:43","slug":"gallery","status":"publish","type":"page","link":"https:\/\/www.nocedereve.fr\/en\/gallery","title":{"rendered":"Gallery"},"content":{"rendered":"<div id='av-layout-grid-1'  class='av-layout-grid-container av-f4thi5-222904b1a8999e936355a1c938e08b6b entry-content-wrapper main_color av-flex-cells  avia-builder-el-0  el_before_av_masonry_entries  avia-builder-el-first  container portfolio  container_wrap sidebar_right'  >\n\n<style type=\"text\/css\" data-created_by=\"avia_inline_auto\" id=\"style-css-av-c4xyel-2b966017d69018b56800a5592a27cfbe\">\n.flex_cell.av-c4xyel-2b966017d69018b56800a5592a27cfbe{\nvertical-align:top;\n}\n.responsive #top #wrap_all .flex_cell.av-c4xyel-2b966017d69018b56800a5592a27cfbe{\npadding:50px 0 0 0 !important;\n}\n<\/style>\n<div class='flex_cell av-c4xyel-2b966017d69018b56800a5592a27cfbe av-gridrow-cell av_one_full no_margin  avia-builder-el-1  avia-builder-el-no-sibling  content-align-top'  ><div class='flex_cell_inner'><p><div class='flex_column_table av-7jsycd-9f533928a52d99b742ef9da299e03f0d sc-av_two_third av-equal-height-column-flextable'>\n<style type=\"text\/css\" data-created_by=\"avia_inline_auto\" id=\"style-css-av-7jsycd-9f533928a52d99b742ef9da299e03f0d\">\n#top .flex_column_table.av-equal-height-column-flextable.av-7jsycd-9f533928a52d99b742ef9da299e03f0d{\nmargin-top:30px;\nmargin-bottom:0px;\n}\n.flex_column.av-7jsycd-9f533928a52d99b742ef9da299e03f0d{\nborder-radius:0px 0px 0px 0px;\npadding:0px 0px 0px 0px;\n}\n<\/style>\n<div  class='flex_column av-7jsycd-9f533928a52d99b742ef9da299e03f0d av_two_third  avia-builder-el-2  el_before_av_one_third  avia-builder-el-first  first flex_column_table_cell av-equal-height-column av-align-bottom av-zero-column-padding  '     ><style type=\"text\/css\" data-created_by=\"avia_inline_auto\" id=\"style-css-av-kh61lgsg-dfce5804df10e60443d1559e1082b97e\">\n#top .av-special-heading.av-kh61lgsg-dfce5804df10e60443d1559e1082b97e{\npadding-bottom:10px;\n}\nbody .av-special-heading.av-kh61lgsg-dfce5804df10e60443d1559e1082b97e .av-special-heading-tag .heading-char{\nfont-size:25px;\n}\n.av-special-heading.av-kh61lgsg-dfce5804df10e60443d1559e1082b97e .av-subheading{\nfont-size:15px;\n}\n<\/style>\n<div  class='av-special-heading av-kh61lgsg-dfce5804df10e60443d1559e1082b97e av-special-heading-h2 custom-color-heading blockquote modern-quote modern-centered  avia-builder-el-3  avia-builder-el-no-sibling  citation rouge'><h2 class='av-special-heading-tag '  itemprop=\"headline\"  >Forever is composed of nows<\/h2><div class='av-subheading av-subheading_below'><p>Emilie Dickinson &#8211;<\/p>\n<\/div><div class=\"special-heading-border\"><div class=\"special-heading-inner-border\"><\/div><\/div><\/div><\/div><div class='av-flex-placeholder'><\/div>\n<style type=\"text\/css\" data-created_by=\"avia_inline_auto\" id=\"style-css-av-7jsycd-55e258fd6d06e4fdc0fdb2d28e07f430\">\n#top .flex_column_table.av-equal-height-column-flextable.av-7jsycd-55e258fd6d06e4fdc0fdb2d28e07f430{\nmargin-top:30px;\nmargin-bottom:0px;\n}\n.flex_column.av-7jsycd-55e258fd6d06e4fdc0fdb2d28e07f430{\nborder-radius:0px 0px 0px 0px;\npadding:0px 0px 0px 0px;\n}\n<\/style>\n<div  class='flex_column av-7jsycd-55e258fd6d06e4fdc0fdb2d28e07f430 av_one_third  avia-builder-el-4  el_after_av_two_third  avia-builder-el-last  flex_column_table_cell av-equal-height-column av-align-bottom av-zero-column-padding  '     ><section  class='av_textblock_section av-kcc9l0be-bef74115e4728dd78bae6d22c062f56f '   itemscope=\"itemscope\" itemtype=\"https:\/\/schema.org\/CreativeWork\" ><div class='avia_textblock'  itemprop=\"text\" ><\/div><\/section><\/div><\/div><!--close column table wrapper. Autoclose: 1 --><\/p>\n<\/div><\/div><\/div><div id='portfolio-masonry' class='av-masonry av-kd4nyj6f-f23352e1a812b23d20a1633ce7e3f1e5 noHover av-fixed-size av-large-gap av-hover-overlay-active av-masonry-animation-active av-masonry-col-flexible av-caption-on-hover av-caption-style-overlay av-masonry-entries ' data-post_id=\"7411\"><div class='av-masonry-sort main_color av-sort-yes-tax' data-masonry-id='1' ><div class='av-current-sort-title'><span class=\"inner_sort_button\"><span>All<\/span><small class=\"avia-term-count\"> 8 <\/small><\/span><\/div><div class='av-sort-by-term  ' data-av-allowed-sort='[\"automn_sort\",\"exotic_sort\",\"french-riviera_sort\",\"french-wedding-style_sort\",\"nature-theme_sort\",\"normandy_sort\",\"paris-area-en_sort\",\"paris-area_sort\",\"provence-en_sort\",\"romantic_sort\",\"steampunk-en_sort\",\"wedding_sort\"]' ><a href=\"#\" data-filter=\"all_sort\" class=\"all_sort_button active_sort\"><span class=\"inner_sort_button\"><span>All<\/span><small class=\"avia-term-count\"> 8 <\/small><\/span><\/a><span class='text-sep automn_sort_sep avia_show_sort'>\/<\/span><a href=\"#\" data-filter=\"automn_sort\" class=\"automn_sort_button avia_show_sort\" ><span class=\"inner_sort_button\"><span>automn<\/span><small class='avia-term-count'> 1 <\/small><\/span><\/a><span class='text-sep exotic_sort_sep avia_show_sort'>\/<\/span><a href=\"#\" data-filter=\"exotic_sort\" class=\"exotic_sort_button avia_show_sort\" ><span class=\"inner_sort_button\"><span>Exotic<\/span><small class='avia-term-count'> 1 <\/small><\/span><\/a><span class='text-sep french-riviera_sort_sep avia_show_sort'>\/<\/span><a href=\"#\" data-filter=\"french-riviera_sort\" class=\"french-riviera_sort_button avia_show_sort\" ><span class=\"inner_sort_button\"><span>French Riviera<\/span><small class='avia-term-count'> 1 <\/small><\/span><\/a><span class='text-sep french-wedding-style_sort_sep avia_show_sort'>\/<\/span><a href=\"#\" data-filter=\"french-wedding-style_sort\" class=\"french-wedding-style_sort_button avia_show_sort\" ><span class=\"inner_sort_button\"><span>French Wedding Style<\/span><small class='avia-term-count'> 3 <\/small><\/span><\/a><span class='text-sep nature-theme_sort_sep avia_show_sort'>\/<\/span><a href=\"#\" data-filter=\"nature-theme_sort\" class=\"nature-theme_sort_button avia_show_sort\" ><span class=\"inner_sort_button\"><span>Nature theme<\/span><small class='avia-term-count'> 1 <\/small><\/span><\/a><span class='text-sep normandy_sort_sep avia_show_sort'>\/<\/span><a href=\"#\" data-filter=\"normandy_sort\" class=\"normandy_sort_button avia_show_sort\" ><span class=\"inner_sort_button\"><span>Normandy<\/span><small class='avia-term-count'> 1 <\/small><\/span><\/a><span class='text-sep paris-area-en_sort_sep avia_show_sort'>\/<\/span><a href=\"#\" data-filter=\"paris-area-en_sort\" class=\"paris-area-en_sort_button avia_show_sort\" ><span class=\"inner_sort_button\"><span>Paris area<\/span><small class='avia-term-count'> 2 <\/small><\/span><\/a><span class='text-sep paris-area_sort_sep avia_show_sort'>\/<\/span><a href=\"#\" data-filter=\"paris-area_sort\" class=\"paris-area_sort_button avia_show_sort\" ><span class=\"inner_sort_button\"><span>Paris area<\/span><small class='avia-term-count'> 1 <\/small><\/span><\/a><span class='text-sep provence-en_sort_sep avia_show_sort'>\/<\/span><a href=\"#\" data-filter=\"provence-en_sort\" class=\"provence-en_sort_button avia_show_sort\" ><span class=\"inner_sort_button\"><span>Provence<\/span><small class='avia-term-count'> 1 <\/small><\/span><\/a><span class='text-sep romantic_sort_sep avia_show_sort'>\/<\/span><a href=\"#\" data-filter=\"romantic_sort\" class=\"romantic_sort_button avia_show_sort\" ><span class=\"inner_sort_button\"><span>Romantic<\/span><small class='avia-term-count'> 2 <\/small><\/span><\/a><span class='text-sep steampunk-en_sort_sep avia_show_sort'>\/<\/span><a href=\"#\" data-filter=\"steampunk-en_sort\" class=\"steampunk-en_sort_button avia_show_sort\" ><span class=\"inner_sort_button\"><span>Steampunk<\/span><small class='avia-term-count'> 1 <\/small><\/span><\/a><span class='text-sep wedding_sort_sep avia_show_sort'>\/<\/span><a href=\"#\" data-filter=\"wedding_sort\" class=\"wedding_sort_button avia_show_sort\" ><span class=\"inner_sort_button\"><span>Wedding<\/span><small class='avia-term-count'> 1 <\/small><\/span><\/a><\/div><\/div><div class=\"av-masonry-container isotope av-js-disabled\"><div class='av-masonry-entry isotope-item av-masonry-item-no-image all_sort steampunk-en_sort  wedding_sort  nature-theme_sort  paris-area-en_sort  romantic_sort  automn_sort  normandy_sort  exotic_sort  french-riviera_sort  french-wedding-style_sort  provence-en_sort  paris-area_sort '><\/div><a href=\"https:\/\/www.nocedereve.fr\/en\/galerie\/steampunk-wedding\"  id='av-masonry-1-item-12233' data-av-masonry-item='12233' class='av-masonry-entry isotope-item post-12233 portfolio type-portfolio status-publish has-post-thumbnail hentry portfolio_entries-steampunk-en portfolio_entries-wedding all_sort steampunk-en_sort  wedding_sort  av-masonry-item-with-image av-grid-img' title=\"steampunk ornament\"   itemscope=\"itemscope\" itemtype=\"https:\/\/schema.org\/CreativeWork\" ><div class='av-inner-masonry-sizer'><\/div><figure class='av-inner-masonry main_color'><div class=\"av-masonry-outerimage-container\"><div class='av-masonry-image-container' style=\"background-image: url(https:\/\/www.nocedereve.fr\/wp-content\/uploads\/2020\/10\/decoration-steampunk.png);\"  title=\"steampunk ornament\" ><\/div><\/div><figcaption class='av-inner-masonry-content site-background'><div class='av-inner-masonry-content-pos'><div class='av-inner-masonry-content-pos-content'><div class='avia-arrow'><\/div><h3 class='av-masonry-entry-title entry-title '  itemprop=\"headline\" >Steampunk wedding<\/h3><\/div><\/div><\/figcaption><\/figure><\/a><!--end av-masonry entry--><a href=\"https:\/\/www.nocedereve.fr\/en\/galerie\/stephane-stephane\"  id='av-masonry-1-item-12226' data-av-masonry-item='12226' class='av-masonry-entry isotope-item post-12226 portfolio type-portfolio status-publish has-post-thumbnail hentry tag-144 tag-143 tag-nature-wedding tag-wedding-in-the-paris-area portfolio_entries-nature-theme portfolio_entries-paris-area-en all_sort nature-theme_sort  paris-area-en_sort  av-masonry-item-with-image av-grid-img' title=\"Tender love\"   itemscope=\"itemscope\" itemtype=\"https:\/\/schema.org\/CreativeWork\" ><div class='av-inner-masonry-sizer'><\/div><figure class='av-inner-masonry main_color'><div class=\"av-masonry-outerimage-container\"><div class='av-masonry-image-container' style=\"background-image: url(https:\/\/www.nocedereve.fr\/wp-content\/uploads\/2020\/07\/Amour-tendre.png);\"  title=\"Tender love\" ><\/div><\/div><figcaption class='av-inner-masonry-content site-background'><div class='av-inner-masonry-content-pos'><div class='av-inner-masonry-content-pos-content'><div class='avia-arrow'><\/div><h3 class='av-masonry-entry-title entry-title '  itemprop=\"headline\" >St\u00e9phane &#038; St\u00e9phane<\/h3><div class='av-masonry-entry-content entry-content'  itemprop=\"text\" >Paris area<\/div><\/div><\/div><\/figcaption><\/figure><\/a><!--end av-masonry entry--><a href=\"https:\/\/www.nocedereve.fr\/en\/galerie\/romantic-wedding\"  id='av-masonry-1-item-12206' data-av-masonry-item='12206' class='av-masonry-entry isotope-item post-12206 portfolio type-portfolio status-publish has-post-thumbnail hentry portfolio_entries-romantic all_sort romantic_sort  av-masonry-item-with-image av-grid-img' title=\"accessories for a romantic theme\"   itemscope=\"itemscope\" itemtype=\"https:\/\/schema.org\/CreativeWork\" ><div class='av-inner-masonry-sizer'><\/div><figure class='av-inner-masonry main_color'><div class=\"av-masonry-outerimage-container\"><div class='av-masonry-image-container' style=\"background-image: url(https:\/\/www.nocedereve.fr\/wp-content\/uploads\/2019\/08\/accessoires-pour-un-theme-romantique-.png);\"  title=\"accessories for a romantic theme\" ><\/div><\/div><figcaption class='av-inner-masonry-content site-background'><div class='av-inner-masonry-content-pos'><div class='av-inner-masonry-content-pos-content'><div class='avia-arrow'><\/div><h3 class='av-masonry-entry-title entry-title '  itemprop=\"headline\" >Romantic wedding<\/h3><\/div><\/div><\/figcaption><\/figure><\/a><!--end av-masonry entry--><a href=\"https:\/\/www.nocedereve.fr\/en\/galerie\/elise-julien\"  id='av-masonry-1-item-12192' data-av-masonry-item='12192' class='av-masonry-entry isotope-item post-12192 portfolio type-portfolio status-publish has-post-thumbnail hentry portfolio_entries-paris-area-en portfolio_entries-romantic all_sort paris-area-en_sort  romantic_sort  av-masonry-item-with-image av-grid-img' title=\"bride and groom portrait\"   itemscope=\"itemscope\" itemtype=\"https:\/\/schema.org\/CreativeWork\" ><div class='av-inner-masonry-sizer'><\/div><figure class='av-inner-masonry main_color'><div class=\"av-masonry-outerimage-container\"><div class='av-masonry-image-container' style=\"background-image: url(https:\/\/www.nocedereve.fr\/wp-content\/uploads\/2020\/07\/portrait-maries.png);\"  title=\"bride and groom portrait\" ><\/div><\/div><figcaption class='av-inner-masonry-content site-background'><div class='av-inner-masonry-content-pos'><div class='av-inner-masonry-content-pos-content'><div class='avia-arrow'><\/div><h3 class='av-masonry-entry-title entry-title '  itemprop=\"headline\" >Elise &#038; Julien<\/h3><div class='av-masonry-entry-content entry-content'  itemprop=\"text\" >Paris area<\/div><\/div><\/div><\/figcaption><\/figure><\/a><!--end av-masonry entry--><a href=\"https:\/\/www.nocedereve.fr\/en\/galerie\/celine-vivien\"  id='av-masonry-1-item-12180' data-av-masonry-item='12180' class='av-masonry-entry isotope-item post-12180 portfolio type-portfolio status-publish has-post-thumbnail hentry portfolio_entries-automn portfolio_entries-normandy all_sort automn_sort  normandy_sort  av-masonry-item-with-image av-grid-img' title=\"Portrait of the bride and groom\"   itemscope=\"itemscope\" itemtype=\"https:\/\/schema.org\/CreativeWork\" ><div class='av-inner-masonry-sizer'><\/div><figure class='av-inner-masonry main_color'><div class=\"av-masonry-outerimage-container\"><div class='av-masonry-image-container' style=\"background-image: url(https:\/\/www.nocedereve.fr\/wp-content\/uploads\/2020\/07\/Portrait-des-mariees.png);\"  title=\"Portrait of the bride and groom\" ><\/div><\/div><figcaption class='av-inner-masonry-content site-background'><div class='av-inner-masonry-content-pos'><div class='av-inner-masonry-content-pos-content'><div class='avia-arrow'><\/div><h3 class='av-masonry-entry-title entry-title '  itemprop=\"headline\" >C\u00e9line &#038; Vivien<\/h3><div class='av-masonry-entry-content entry-content'  itemprop=\"text\" >Normandy<\/div><\/div><\/div><\/figcaption><\/figure><\/a><!--end av-masonry entry--><a href=\"https:\/\/www.nocedereve.fr\/en\/galerie\/yasmine-frankie\"  id='av-masonry-1-item-12161' data-av-masonry-item='12161' class='av-masonry-entry isotope-item post-12161 portfolio type-portfolio status-publish has-post-thumbnail hentry tag-130-en tag-131-en tag-exotic-wedding tag-wedding-on-french-riviera portfolio_entries-exotic portfolio_entries-french-riviera portfolio_entries-french-wedding-style all_sort exotic_sort  french-riviera_sort  french-wedding-style_sort  av-masonry-item-with-image av-grid-img' title=\"love\"   itemscope=\"itemscope\" itemtype=\"https:\/\/schema.org\/CreativeWork\" ><div class='av-inner-masonry-sizer'><\/div><figure class='av-inner-masonry main_color'><div class=\"av-masonry-outerimage-container\"><div class='av-masonry-image-container' style=\"background-image: url(https:\/\/www.nocedereve.fr\/wp-content\/uploads\/2020\/07\/amour.png);\"  title=\"love\" ><\/div><\/div><figcaption class='av-inner-masonry-content site-background'><div class='av-inner-masonry-content-pos'><div class='av-inner-masonry-content-pos-content'><div class='avia-arrow'><\/div><h3 class='av-masonry-entry-title entry-title '  itemprop=\"headline\" >Yasmine &#038; Frankie<\/h3><div class='av-masonry-entry-content entry-content'  itemprop=\"text\" >French Riviera<\/div><\/div><\/div><\/figcaption><\/figure><\/a><!--end av-masonry entry--><a href=\"https:\/\/www.nocedereve.fr\/en\/galerie\/provencal-wedding\"  id='av-masonry-1-item-12150' data-av-masonry-item='12150' class='av-masonry-entry isotope-item post-12150 portfolio type-portfolio status-publish has-post-thumbnail hentry tag-124-en tag-theme-provencal-wedding portfolio_entries-french-wedding-style portfolio_entries-provence-en all_sort french-wedding-style_sort  provence-en_sort  av-masonry-item-with-image av-grid-img' title=\"Provence table decoration\"   itemscope=\"itemscope\" itemtype=\"https:\/\/schema.org\/CreativeWork\" ><div class='av-inner-masonry-sizer'><\/div><figure class='av-inner-masonry main_color'><div class=\"av-masonry-outerimage-container\"><div class='av-masonry-image-container' style=\"background-image: url(https:\/\/www.nocedereve.fr\/wp-content\/uploads\/2019\/03\/decoration-de-table-Provence.png);\"  title=\"Provence table decoration\" ><\/div><\/div><figcaption class='av-inner-masonry-content site-background'><div class='av-inner-masonry-content-pos'><div class='av-inner-masonry-content-pos-content'><div class='avia-arrow'><\/div><h3 class='av-masonry-entry-title entry-title '  itemprop=\"headline\" >Provencal wedding<\/h3><\/div><\/div><\/figcaption><\/figure><\/a><!--end av-masonry entry--><a href=\"https:\/\/www.nocedereve.fr\/en\/galerie\/alexandra-alexis\"  id='av-masonry-1-item-7342' data-av-masonry-item='7342' class='av-masonry-entry isotope-item post-7342 portfolio type-portfolio status-publish has-post-thumbnail hentry portfolio_entries-french-wedding-style portfolio_entries-paris-area all_sort french-wedding-style_sort  paris-area_sort  av-masonry-item-with-image av-grid-img' title=\"Alexandra_et_Alexis__18_05_19_\"   itemscope=\"itemscope\" itemtype=\"https:\/\/schema.org\/CreativeWork\" ><div class='av-inner-masonry-sizer'><\/div><figure class='av-inner-masonry main_color'><div class=\"av-masonry-outerimage-container\"><div class='av-masonry-image-container' style=\"background-image: url(https:\/\/www.nocedereve.fr\/wp-content\/uploads\/2020\/07\/Alexandra_et_Alexis__18_05_19_.png);\"  title=\"Alexandra_et_Alexis__18_05_19_\" ><\/div><\/div><figcaption class='av-inner-masonry-content site-background'><div class='av-inner-masonry-content-pos'><div class='av-inner-masonry-content-pos-content'><div class='avia-arrow'><\/div><h3 class='av-masonry-entry-title entry-title '  itemprop=\"headline\" >Alexandra &#038; Alexis<\/h3><div class='av-masonry-entry-content entry-content'  itemprop=\"text\" >Paris area<\/div><\/div><\/div><\/figcaption><\/figure><\/a><!--end av-masonry entry--><\/div><\/div><\/p>\n","protected":false},"excerpt":{"rendered":"","protected":false},"author":9192204,"featured_media":0,"parent":0,"menu_order":0,"comment_status":"closed","ping_status":"closed","template":"","meta":{"_exactmetrics_skip_tracking":false,"_exactmetrics_sitenote_active":false,"_exactmetrics_sitenote_note":"","_exactmetrics_sitenote_category":0,"footnotes":""},"class_list":["post-7411","page","type-page","status-publish","hentry"],"yoast_head":"<!-- This site is optimized with the Yoast SEO plugin v27.4 - https:\/\/yoast.com\/product\/yoast-seo-wordpress\/ -->\n<title>Noce de R\u00eave By FLOVINNO - Your Wedding planner in France<\/title>\n<meta name=\"description\" content=\"Noce de R\u00eave by FLOVINNO, wedding planner agency in France\" \/>\n<meta name=\"robots\" content=\"index, follow, max-snippet:-1, max-image-preview:large, max-video-preview:-1\" \/>\n<link rel=\"canonical\" href=\"https:\/\/www.nocedereve.fr\/en\/gallery\" \/>\n<meta property=\"og:locale\" content=\"en_US\" \/>\n<meta property=\"og:type\" content=\"article\" \/>\n<meta property=\"og:title\" content=\"Noce de R\u00eave By FLOVINNO - Your Wedding planner in France\" \/>\n<meta property=\"og:description\" content=\"Noce de R\u00eave by FLOVINNO, wedding planner agency in France\" \/>\n<meta property=\"og:url\" content=\"https:\/\/www.nocedereve.fr\/en\/gallery\" \/>\n<meta property=\"og:site_name\" content=\"Agence Wedding planner - Organisateur de mariage Var, Alpes-Maritimes\" \/>\n<meta property=\"article:publisher\" content=\"https:\/\/www.facebook.com\/nocedereve\" \/>\n<meta property=\"article:modified_time\" content=\"2023-11-14T16:10:43+00:00\" \/>\n<meta name=\"twitter:card\" content=\"summary_large_image\" \/>\n<meta name=\"twitter:label1\" content=\"Est. reading time\" \/>\n\t<meta name=\"twitter:data1\" content=\"2 minutes\" \/>\n<script type=\"application\/ld+json\" class=\"yoast-schema-graph\">{\"@context\":\"https:\\\/\\\/schema.org\",\"@graph\":[{\"@type\":\"WebPage\",\"@id\":\"https:\\\/\\\/www.nocedereve.fr\\\/en\\\/gallery\",\"url\":\"https:\\\/\\\/www.nocedereve.fr\\\/en\\\/gallery\",\"name\":\"Noce de R\u00eave By FLOVINNO - Your Wedding planner in France\",\"isPartOf\":{\"@id\":\"https:\\\/\\\/www.nocedereve.fr\\\/#website\"},\"datePublished\":\"2020-10-02T09:15:42+00:00\",\"dateModified\":\"2023-11-14T16:10:43+00:00\",\"description\":\"Noce de R\u00eave by FLOVINNO, wedding planner agency in France\",\"breadcrumb\":{\"@id\":\"https:\\\/\\\/www.nocedereve.fr\\\/en\\\/gallery#breadcrumb\"},\"inLanguage\":\"en-US\",\"potentialAction\":[{\"@type\":\"ReadAction\",\"target\":[\"https:\\\/\\\/www.nocedereve.fr\\\/en\\\/gallery\"]}]},{\"@type\":\"BreadcrumbList\",\"@id\":\"https:\\\/\\\/www.nocedereve.fr\\\/en\\\/gallery#breadcrumb\",\"itemListElement\":[{\"@type\":\"ListItem\",\"position\":1,\"name\":\"Accueil\",\"item\":\"https:\\\/\\\/www.nocedereve.fr\\\/en\"},{\"@type\":\"ListItem\",\"position\":2,\"name\":\"Gallery\"}]},{\"@type\":\"WebSite\",\"@id\":\"https:\\\/\\\/www.nocedereve.fr\\\/#website\",\"url\":\"https:\\\/\\\/www.nocedereve.fr\\\/\",\"name\":\"Agence Wedding planner - Organisateur de mariage Var, Alpes-Maritimes\",\"description\":\"Agence Noce de r\u00eave : Wedding Planner, organisation de mariage et c\u00e9r\u00e9monies laiques sur la C\u00f4te d\u2019Azur, Provence et Monaco\",\"publisher\":{\"@id\":\"https:\\\/\\\/www.nocedereve.fr\\\/#organization\"},\"potentialAction\":[{\"@type\":\"SearchAction\",\"target\":{\"@type\":\"EntryPoint\",\"urlTemplate\":\"https:\\\/\\\/www.nocedereve.fr\\\/?s={search_term_string}\"},\"query-input\":{\"@type\":\"PropertyValueSpecification\",\"valueRequired\":true,\"valueName\":\"search_term_string\"}}],\"inLanguage\":\"en-US\"},{\"@type\":\"Organization\",\"@id\":\"https:\\\/\\\/www.nocedereve.fr\\\/#organization\",\"name\":\"Noce de r\u00eave\",\"url\":\"https:\\\/\\\/www.nocedereve.fr\\\/\",\"logo\":{\"@type\":\"ImageObject\",\"inLanguage\":\"en-US\",\"@id\":\"https:\\\/\\\/www.nocedereve.fr\\\/#\\\/schema\\\/logo\\\/image\\\/\",\"url\":\"https:\\\/\\\/www.nocedereve.fr\\\/wp-content\\\/uploads\\\/2016\\\/05\\\/cropped-logo-nocedereve.jpg\",\"contentUrl\":\"https:\\\/\\\/www.nocedereve.fr\\\/wp-content\\\/uploads\\\/2016\\\/05\\\/cropped-logo-nocedereve.jpg\",\"width\":512,\"height\":512,\"caption\":\"Noce de r\u00eave\"},\"image\":{\"@id\":\"https:\\\/\\\/www.nocedereve.fr\\\/#\\\/schema\\\/logo\\\/image\\\/\"},\"sameAs\":[\"https:\\\/\\\/www.facebook.com\\\/nocedereve\"]}]}<\/script>\n<!-- \/ Yoast SEO plugin. -->","yoast_head_json":{"title":"Noce de R\u00eave By FLOVINNO - Your Wedding planner in France","description":"Noce de R\u00eave by FLOVINNO, wedding planner agency in France","robots":{"index":"index","follow":"follow","max-snippet":"max-snippet:-1","max-image-preview":"max-image-preview:large","max-video-preview":"max-video-preview:-1"},"canonical":"https:\/\/www.nocedereve.fr\/en\/gallery","og_locale":"en_US","og_type":"article","og_title":"Noce de R\u00eave By FLOVINNO - Your Wedding planner in France","og_description":"Noce de R\u00eave by FLOVINNO, wedding planner agency in France","og_url":"https:\/\/www.nocedereve.fr\/en\/gallery","og_site_name":"Agence Wedding planner - Organisateur de mariage Var, Alpes-Maritimes","article_publisher":"https:\/\/www.facebook.com\/nocedereve","article_modified_time":"2023-11-14T16:10:43+00:00","twitter_card":"summary_large_image","twitter_misc":{"Est. reading time":"2 minutes"},"schema":{"@context":"https:\/\/schema.org","@graph":[{"@type":"WebPage","@id":"https:\/\/www.nocedereve.fr\/en\/gallery","url":"https:\/\/www.nocedereve.fr\/en\/gallery","name":"Noce de R\u00eave By FLOVINNO - Your Wedding planner in France","isPartOf":{"@id":"https:\/\/www.nocedereve.fr\/#website"},"datePublished":"2020-10-02T09:15:42+00:00","dateModified":"2023-11-14T16:10:43+00:00","description":"Noce de R\u00eave by FLOVINNO, wedding planner agency in France","breadcrumb":{"@id":"https:\/\/www.nocedereve.fr\/en\/gallery#breadcrumb"},"inLanguage":"en-US","potentialAction":[{"@type":"ReadAction","target":["https:\/\/www.nocedereve.fr\/en\/gallery"]}]},{"@type":"BreadcrumbList","@id":"https:\/\/www.nocedereve.fr\/en\/gallery#breadcrumb","itemListElement":[{"@type":"ListItem","position":1,"name":"Accueil","item":"https:\/\/www.nocedereve.fr\/en"},{"@type":"ListItem","position":2,"name":"Gallery"}]},{"@type":"WebSite","@id":"https:\/\/www.nocedereve.fr\/#website","url":"https:\/\/www.nocedereve.fr\/","name":"Agence Wedding planner - Organisateur de mariage Var, Alpes-Maritimes","description":"Agence Noce de r\u00eave : Wedding Planner, organisation de mariage et c\u00e9r\u00e9monies laiques sur la C\u00f4te d\u2019Azur, Provence et Monaco","publisher":{"@id":"https:\/\/www.nocedereve.fr\/#organization"},"potentialAction":[{"@type":"SearchAction","target":{"@type":"EntryPoint","urlTemplate":"https:\/\/www.nocedereve.fr\/?s={search_term_string}"},"query-input":{"@type":"PropertyValueSpecification","valueRequired":true,"valueName":"search_term_string"}}],"inLanguage":"en-US"},{"@type":"Organization","@id":"https:\/\/www.nocedereve.fr\/#organization","name":"Noce de r\u00eave","url":"https:\/\/www.nocedereve.fr\/","logo":{"@type":"ImageObject","inLanguage":"en-US","@id":"https:\/\/www.nocedereve.fr\/#\/schema\/logo\/image\/","url":"https:\/\/www.nocedereve.fr\/wp-content\/uploads\/2016\/05\/cropped-logo-nocedereve.jpg","contentUrl":"https:\/\/www.nocedereve.fr\/wp-content\/uploads\/2016\/05\/cropped-logo-nocedereve.jpg","width":512,"height":512,"caption":"Noce de r\u00eave"},"image":{"@id":"https:\/\/www.nocedereve.fr\/#\/schema\/logo\/image\/"},"sameAs":["https:\/\/www.facebook.com\/nocedereve"]}]}},"_links":{"self":[{"href":"https:\/\/www.nocedereve.fr\/en\/wp-json\/wp\/v2\/pages\/7411","targetHints":{"allow":["GET"]}}],"collection":[{"href":"https:\/\/www.nocedereve.fr\/en\/wp-json\/wp\/v2\/pages"}],"about":[{"href":"https:\/\/www.nocedereve.fr\/en\/wp-json\/wp\/v2\/types\/page"}],"author":[{"embeddable":true,"href":"https:\/\/www.nocedereve.fr\/en\/wp-json\/wp\/v2\/users\/9192204"}],"replies":[{"embeddable":true,"href":"https:\/\/www.nocedereve.fr\/en\/wp-json\/wp\/v2\/comments?post=7411"}],"version-history":[{"count":5,"href":"https:\/\/www.nocedereve.fr\/en\/wp-json\/wp\/v2\/pages\/7411\/revisions"}],"predecessor-version":[{"id":16361,"href":"https:\/\/www.nocedereve.fr\/en\/wp-json\/wp\/v2\/pages\/7411\/revisions\/16361"}],"wp:attachment":[{"href":"https:\/\/www.nocedereve.fr\/en\/wp-json\/wp\/v2\/media?parent=7411"}],"curies":[{"name":"wp","href":"https:\/\/api.w.org\/{rel}","templated":true}]}}